{"id":5919,"date":"2025-05-18T11:30:31","date_gmt":"2025-05-18T09:30:31","guid":{"rendered":"https:\/\/demo.harutheme.com\/frames\/?page_id=5919"},"modified":"2026-04-01T13:39:18","modified_gmt":"2026-04-01T11:39:18","slug":"contact-us","status":"publish","type":"page","link":"https:\/\/nextnel.com\/ar\/contact-us\/","title":{"rendered":"\u0627\u062a\u0635\u0644 \u0628\u0646\u0627"},"content":{"rendered":"\t\t<div data-elementor-type=\"wp-page\" data-elementor-id=\"5919\" class=\"elementor elementor-5919\" data-elementor-post-type=\"page\">\n\t\t\t\t\t\t<section class=\"elementor-section elementor-top-section elementor-element elementor-element-912fbba elementor-section-boxed elementor-section-height-default elementor-section-height-default\" data-id=\"912fbba\" data-element_type=\"section\" data-e-type=\"section\">\n\t\t\t\t\t\t<div class=\"elementor-container elementor-column-gap-extended\">\n\t\t\t\t\t<div class=\"elementor-column elementor-col-100 elementor-top-column elementor-element elementor-element-0e9b0ab\" data-id=\"0e9b0ab\" data-element_type=\"column\" data-e-type=\"column\">\n\t\t\t<div class=\"elementor-widget-wrap elementor-element-populated\">\n\t\t\t\t\t\t<div class=\"elementor-element elementor-element-6bc3d67 elementor-widget elementor-widget-haru-heading\" data-id=\"6bc3d67\" data-element_type=\"widget\" data-e-type=\"widget\" data-widget_type=\"haru-heading.default\">\n\t\t\t\t<div class=\"elementor-widget-container\">\n\t\t\t\t\t<p class=\"haru-heading-title haru-heading-title--sub-heading-3\">KONTAKTIEREN SIE UNS<\/p>\t\t\t\t<\/div>\n\t\t\t\t<\/div>\n\t\t\t\t<div class=\"elementor-element elementor-element-56e56ea elementor-widget elementor-widget-haru-heading\" data-id=\"56e56ea\" data-element_type=\"widget\" data-e-type=\"widget\" data-widget_type=\"haru-heading.default\">\n\t\t\t\t<div class=\"elementor-widget-container\">\n\t\t\t\t\t<h2 class=\"haru-heading-title haru-heading-title--heading-1\">Wir freuen uns \u00fcber Ihre Kontaktaufnahme <\/h2>\t\t\t\t<\/div>\n\t\t\t\t<\/div>\n\t\t\t\t<div class=\"elementor-element elementor-element-a502690 elementor-widget elementor-widget-heading\" data-id=\"a502690\" data-element_type=\"widget\" data-e-type=\"widget\" data-widget_type=\"heading.default\">\n\t\t\t\t<div class=\"elementor-widget-container\">\n\t\t\t\t\t<h2 class=\"elementor-heading-title elementor-size-default\">Showroom \/ Produktion und Abholungen:<\/h2>\t\t\t\t<\/div>\n\t\t\t\t<\/div>\n\t\t\t\t\t<\/div>\n\t\t<\/div>\n\t\t\t\t\t<\/div>\n\t\t<\/section>\n\t\t\t\t<section class=\"elementor-section elementor-top-section elementor-element elementor-element-d35108c elementor-section-boxed elementor-section-height-default elementor-section-height-default\" data-id=\"d35108c\" data-element_type=\"section\" data-e-type=\"section\">\n\t\t\t\t\t\t<div class=\"elementor-container elementor-column-gap-extended\">\n\t\t\t\t\t<div class=\"elementor-column elementor-col-100 elementor-top-column elementor-element elementor-element-6f61da2\" data-id=\"6f61da2\" data-element_type=\"column\" data-e-type=\"column\">\n\t\t\t<div class=\"elementor-widget-wrap elementor-element-populated\">\n\t\t\t\t\t\t<div class=\"elementor-element elementor-element-3731180 elementor-widget elementor-widget-haru-google-maps\" data-id=\"3731180\" data-element_type=\"widget\" data-e-type=\"widget\" data-widget_type=\"haru-google-maps.default\">\n\t\t\t\t<div class=\"elementor-widget-container\">\n\t\t\t\t\t\n                            <div class=\"haru-google-maps haru-google-maps--style-1\">\n                                        <div class=\"haru-custom-embed\">\n                        <iframe src=\"https:\/\/maps.google.com\/maps?q=Hafelsstr.%20205&amp;t=m&amp;z=15&amp;output=embed&amp;iwloc=near\" title=\"%3$s\" aria-label=\"%3$s\"><\/iframe>\n                    <\/div>\n                <\/div>\n            \n            \t\t\t\t<\/div>\n\t\t\t\t<\/div>\n\t\t\t\t\t<\/div>\n\t\t<\/div>\n\t\t\t\t\t<\/div>\n\t\t<\/section>\n\t\t\t\t<section class=\"elementor-section elementor-top-section elementor-element elementor-element-6a187b4 elementor-section-boxed elementor-section-height-default elementor-section-height-default\" data-id=\"6a187b4\" data-element_type=\"section\" data-e-type=\"section\">\n\t\t\t\t\t\t<div class=\"elementor-container elementor-column-gap-default\">\n\t\t\t\t\t<div class=\"elementor-column elementor-col-66 elementor-top-column elementor-element elementor-element-df734b3\" data-id=\"df734b3\" data-element_type=\"column\" data-e-type=\"column\">\n\t\t\t<div class=\"elementor-widget-wrap elementor-element-populated\">\n\t\t\t\t\t\t<div class=\"elementor-element elementor-element-734ef1e elementor-widget elementor-widget-haru-heading\" data-id=\"734ef1e\" data-element_type=\"widget\" data-e-type=\"widget\" data-widget_type=\"haru-heading.default\">\n\t\t\t\t<div class=\"elementor-widget-container\">\n\t\t\t\t\t<h2 class=\"haru-heading-title haru-heading-title--heading-8\">Senden Sie uns eine Nachricht<\/h2>\t\t\t\t<\/div>\n\t\t\t\t<\/div>\n\t\t\t\t<div class=\"elementor-element elementor-element-456f48b elementor-widget elementor-widget-text-editor\" data-id=\"456f48b\" data-element_type=\"widget\" data-e-type=\"widget\" data-widget_type=\"text-editor.default\">\n\t\t\t\t<div class=\"elementor-widget-container\">\n\t\t\t\t\t\t\t\t\t<p><style id=\"wpforms-css-vars-14035\">\n\t\t\t\t#wpforms-14035 {\n\t\t\t\t--wpforms-container-padding: 0px;\n--wpforms-container-border-width: 1px;\n--wpforms-container-border-radius: 3px;\n--wpforms-background-color: rgba(0, 0, 0, 0);\n--wpforms-field-size-input-height: 43px;\n--wpforms-field-size-input-spacing: 15px;\n--wpforms-field-size-font-size: 16px;\n--wpforms-field-size-line-height: 19px;\n--wpforms-field-size-padding-h: 14px;\n--wpforms-field-size-checkbox-size: 16px;\n--wpforms-field-size-sublabel-spacing: 5px;\n--wpforms-field-size-icon-size: 1;\n--wpforms-label-size-font-size: 16px;\n--wpforms-label-size-line-height: 19px;\n--wpforms-label-size-sublabel-font-size: 14px;\n--wpforms-label-size-sublabel-line-height: 17px;\n--wpforms-button-size-font-size: 17px;\n--wpforms-button-size-height: 41px;\n--wpforms-button-size-padding-h: 15px;\n--wpforms-button-size-margin-top: 10px;\n--wpforms-container-shadow-size-box-shadow: none;\n\t\t\t}\n\t\t\t<\/style><div class=\"wpforms-container wpforms-container-full wpforms-render-modern\" id=\"wpforms-14035\"><form id=\"wpforms-form-14035\" class=\"wpforms-validate wpforms-form wpforms-ajax-form\" data-formid=\"14035\" method=\"post\" enctype=\"multipart\/form-data\" action=\"\/ar\/wp-json\/wp\/v2\/pages\/5919\" data-token=\"8b53338f73e9464410c96819c5bc59d8\" data-token-time=\"1776382013\"><noscript class=\"wpforms-error-noscript\">Please enable JavaScript in your browser to complete this form.<\/noscript><div id=\"wpforms-error-noscript\" style=\"display: none;\">Please enable JavaScript in your browser to complete this form.<\/div><div class=\"wpforms-field-container\"><div id=\"wpforms-14035-field_1-container\" class=\"wpforms-field wpforms-field-name\" data-field-id=\"1\"><fieldset><legend class=\"wpforms-field-label\">Name <span class=\"wpforms-required-label\" aria-hidden=\"true\">*<\/span><\/legend><div class=\"wpforms-field-row wpforms-field-medium\"><div class=\"wpforms-field-row-block wpforms-first wpforms-one-half\"><input type=\"text\" id=\"wpforms-14035-field_1\" class=\"wpforms-field-name-first wpforms-field-required\" name=\"wpforms[fields][1][first]\" aria-errormessage=\"wpforms-14035-field_1-error\" required><label for=\"wpforms-14035-field_1\" class=\"wpforms-field-sublabel after\">First<\/label><\/div><div class=\"wpforms-field-row-block wpforms-one-half\"><input type=\"text\" id=\"wpforms-14035-field_1-last\" class=\"wpforms-field-name-last wpforms-field-required\" name=\"wpforms[fields][1][last]\" aria-errormessage=\"wpforms-14035-field_1-last-error\" required><label for=\"wpforms-14035-field_1-last\" class=\"wpforms-field-sublabel after\">Last<\/label><\/div><\/div><\/fieldset><\/div>\t\t<div id=\"wpforms-14035-field_4-container\"\n\t\t\tclass=\"wpforms-field wpforms-field-text\"\n\t\t\tdata-field-type=\"text\"\n\t\t\tdata-field-id=\"4\"\n\t\t\t>\n\t\t\t<label class=\"wpforms-field-label\" for=\"wpforms-14035-field_4\" >Name E-Mail-Adresse oder<\/label>\n\t\t\t<input type=\"text\" id=\"wpforms-14035-field_4\" class=\"wpforms-field-medium\" name=\"wpforms[fields][4]\" >\n\t\t<\/div>\n\t\t<div id=\"wpforms-14035-field_5-container\" class=\"wpforms-field wpforms-field-text\" data-field-id=\"5\"><label class=\"wpforms-field-label\" for=\"wpforms-14035-field_5\">Telefonnummer<\/label><input type=\"text\" id=\"wpforms-14035-field_5\" class=\"wpforms-field-medium\" name=\"wpforms[fields][5]\" aria-errormessage=\"wpforms-14035-field_5-error\" ><\/div><div id=\"wpforms-14035-field_2-container\" class=\"wpforms-field wpforms-field-email\" data-field-id=\"2\"><label class=\"wpforms-field-label\" for=\"wpforms-14035-field_2\">E-Mail-Adresse <span class=\"wpforms-required-label\" aria-hidden=\"true\">*<\/span><\/label><input type=\"email\" id=\"wpforms-14035-field_2\" class=\"wpforms-field-medium wpforms-field-required\" name=\"wpforms[fields][2]\" spellcheck=\"false\" aria-errormessage=\"wpforms-14035-field_2-error\" required><\/div><div id=\"wpforms-14035-field_3-container\" class=\"wpforms-field wpforms-field-textarea\" data-field-id=\"3\"><label class=\"wpforms-field-label\" for=\"wpforms-14035-field_3\">Kommentar oder Nachricht <span class=\"wpforms-required-label\" aria-hidden=\"true\">*<\/span><\/label><textarea id=\"wpforms-14035-field_3\" class=\"wpforms-field-medium wpforms-field-required\" name=\"wpforms[fields][3]\" aria-errormessage=\"wpforms-14035-field_3-error\" required><\/textarea><\/div><script>\n\t\t\t\t( function() {\n\t\t\t\t\tconst style = document.createElement( 'style' );\n\t\t\t\t\tstyle.appendChild( document.createTextNode( '#wpforms-14035-field_4-container { position: absolute !important; overflow: hidden !important; display: inline !important; height: 1px !important; width: 1px !important; z-index: -1000 !important; padding: 0 !important; } #wpforms-14035-field_4-container input { visibility: hidden; } #wpforms-conversational-form-page #wpforms-14035-field_4-container label { counter-increment: none; }' ) );\n\t\t\t\t\tdocument.head.appendChild( style );\n\t\t\t\t\tdocument.currentScript?.remove();\n\t\t\t\t} )();\n\t\t\t<\/script><\/div><!-- .wpforms-field-container --><div class=\"wpforms-recaptcha-container wpforms-is-recaptcha wpforms-is-recaptcha-type-invisible\" ><div class=\"g-recaptcha\" data-sitekey=\"6LcO3SAsAAAAALTF_pzQGq5ZAxvUMUGBgRor--os\" data-size=\"invisible\"><\/div><\/div><div class=\"wpforms-submit-container\" ><input type=\"hidden\" name=\"wpforms[id]\" value=\"14035\"><input type=\"hidden\" name=\"page_title\" value=\"\"><input type=\"hidden\" name=\"page_url\" value=\"https:\/\/nextnel.com\/ar\/wp-json\/wp\/v2\/pages\/5919\"><input type=\"hidden\" name=\"url_referer\" value=\"\"><button type=\"submit\" name=\"wpforms[submit]\" id=\"wpforms-submit-14035\" class=\"wpforms-submit\" data-alt-text=\"Wird gesendet\u00a0\u2026\" data-submit-text=\"Absenden\" aria-live=\"assertive\" value=\"wpforms-submit\">Absenden<\/button><img decoding=\"async\" src=\"https:\/\/nextnel.com\/wp-content\/plugins\/wpforms-lite\/assets\/images\/submit-spin.svg\" class=\"wpforms-submit-spinner\" style=\"display: none;\" width=\"26\" height=\"26\" alt=\"Loading\"><\/div><\/form><\/div>  <!-- .wpforms-container --><\/p>\t\t\t\t\t\t\t\t<\/div>\n\t\t\t\t<\/div>\n\t\t\t\t\t<\/div>\n\t\t<\/div>\n\t\t\t\t<div class=\"elementor-column elementor-col-33 elementor-top-column elementor-element elementor-element-8ec9c47\" data-id=\"8ec9c47\" data-element_type=\"column\" data-e-type=\"column\">\n\t\t\t<div class=\"elementor-widget-wrap elementor-element-populated\">\n\t\t\t\t\t\t<div class=\"elementor-element elementor-element-f81f162 elementor-widget elementor-widget-haru-contact\" data-id=\"f81f162\" data-element_type=\"widget\" data-e-type=\"widget\" data-widget_type=\"haru-contact.default\">\n\t\t\t\t<div class=\"elementor-widget-container\">\n\t\t\t\t\t\n        \t\t        \t<div class=\"haru-contact haru-contact--style-5\">\n\t        \t\t\n\n\t<ul>\n\t\t\t\t\t<li>\n\t\t\t\t<div class=\"haru-contact__icon\"><svg aria-hidden=\"true\" class=\"e-font-icon-svg e-fas-stop-circle\" viewBox=\"0 0 512 512\" xmlns=\"http:\/\/www.w3.org\/2000\/svg\"><path d=\"M256 8C119 8 8 119 8 256s111 248 248 248 248-111 248-248S393 8 256 8zm96 328c0 8.8-7.2 16-16 16H176c-8.8 0-16-7.2-16-16V176c0-8.8 7.2-16 16-16h160c8.8 0 16 7.2 16 16v160z\"><\/path><\/svg><\/div>\n\t\t\t\t<div class=\"haru-contact__content\">\n\t\t\t\t\t<h6 class=\"haru-contact__title\">Adresse Showroom- Abholung Reparatur -Produktion<\/h6>\n\t\t\t\t\t<div class=\"haru-contact__desc\">Hafelsstr. 205<br>\n47809 Krefeld<br>\nDeutschland<br>\n<\/div>\n\t\t\t\t<\/div>\n\t\t\t<\/li>\n\t\t\t\t\t<li>\n\t\t\t\t<div class=\"haru-contact__icon\"><i aria-hidden=\"true\" class=\"fas fa-star\"><\/i><\/div>\n\t\t\t\t<div class=\"haru-contact__content\">\n\t\t\t\t\t<h6 class=\"haru-contact__title\">Telefon + \u00d6ffnungzeiten<\/h6>\n\t\t\t\t\t<div class=\"haru-contact__desc\">02151 - 3600850<br>\nWhats App: 0176-72045830<br>\n<br>\nSie erreichen uns Montags-Freitags in der Zeit von 10:00-14:30 Uhr.  Ausserhalb dieser Zeit k\u00f6nnen Sie uns gerne per WhatsApp erreichen, wir melden uns dann sofort an unseren \u00d6ffnungszeiten zur\u00fcck.<\/div>\n\t\t\t\t<\/div>\n\t\t\t<\/li>\n\t\t\t<\/ul>\n\t    \t\t<\/div>\n    \t\t\n    \t\t\t\t\t\t<\/div>\n\t\t\t\t<\/div>\n\t\t\t\t\t<\/div>\n\t\t<\/div>\n\t\t\t\t\t<\/div>\n\t\t<\/section>\n\t\t\t\t<\/div>\n\t\t","protected":false},"excerpt":{"rendered":"<p>KONTAKTIEREN SIE UNS Wir freuen uns \u00fcber Ihre Kontaktaufnahme Showroom \/ Produktion und Abholungen: Senden Sie uns eine Nachricht Adresse Showroom- Abholung Reparatur -Produktion Hafelsstr. 205 47809 Krefeld Deutschland Telefon + \u00d6ffnungzeiten 02151 &#8211; 3600850 Whats App: 0176-72045830 Sie erreichen uns Montags-Freitags in der Zeit von 10:00-14:30 Uhr. Ausserhalb dieser Zeit k\u00f6nnen Sie uns gerne [&hellip;]<\/p>\n","protected":false},"author":2,"featured_media":0,"parent":0,"menu_order":0,"comment_status":"closed","ping_status":"closed","template":"","meta":{"footnotes":""},"class_list":["post-5919","page","type-page","status-publish","hentry"],"yoast_head":"<!-- This site is optimized with the Yoast SEO plugin v27.4 - https:\/\/yoast.com\/product\/yoast-seo-wordpress\/ -->\n<title>Contact Us - Nextnel- New emerging Lifestyle Manufaktur &amp; Service<\/title>\n<meta name=\"robots\" content=\"index, follow, max-snippet:-1, max-image-preview:large, max-video-preview:-1\" \/>\n<link rel=\"canonical\" href=\"https:\/\/nextnel.com\/ar\/contact-us\/\" \/>\n<meta property=\"og:locale\" content=\"ar_AR\" \/>\n<meta property=\"og:type\" content=\"article\" \/>\n<meta property=\"og:title\" content=\"Contact Us - Nextnel- New emerging Lifestyle Manufaktur &amp; Service\" \/>\n<meta property=\"og:description\" content=\"KONTAKTIEREN SIE UNS Wir freuen uns \u00fcber Ihre Kontaktaufnahme Showroom \/ Produktion und Abholungen: Senden Sie uns eine Nachricht Adresse Showroom- Abholung Reparatur -Produktion Hafelsstr. 205 47809 Krefeld Deutschland Telefon + \u00d6ffnungzeiten 02151 &#8211; 3600850 Whats App: 0176-72045830 Sie erreichen uns Montags-Freitags in der Zeit von 10:00-14:30 Uhr. Ausserhalb dieser Zeit k\u00f6nnen Sie uns gerne [&hellip;]\" \/>\n<meta property=\"og:url\" content=\"https:\/\/nextnel.com\/ar\/contact-us\/\" \/>\n<meta property=\"og:site_name\" content=\"Nextnel- New emerging Lifestyle Manufaktur &amp; Service\" \/>\n<meta property=\"article:modified_time\" content=\"2026-04-01T11:39:18+00:00\" \/>\n<meta name=\"twitter:card\" content=\"summary_large_image\" \/>\n<meta name=\"twitter:label1\" content=\"\u0648\u0642\u062a \u0627\u0644\u0642\u0631\u0627\u0621\u0629 \u0627\u0644\u0645\u064f\u0642\u062f\u0651\u0631\" \/>\n\t<meta name=\"twitter:data1\" content=\"\u062f\u0642\u064a\u0642\u0629 \u0648\u0627\u062d\u062f\u0629\" \/>\n<script type=\"application\/ld+json\" class=\"yoast-schema-graph\">{\"@context\":\"https:\\\/\\\/schema.org\",\"@graph\":[{\"@type\":\"WebPage\",\"@id\":\"https:\\\/\\\/nextnel.com\\\/contact-us\\\/\",\"url\":\"https:\\\/\\\/nextnel.com\\\/contact-us\\\/\",\"name\":\"Contact Us - Nextnel- New emerging Lifestyle Manufaktur &amp; Service\",\"isPartOf\":{\"@id\":\"http:\\\/\\\/nextnel.com\\\/#website\"},\"datePublished\":\"2025-05-18T09:30:31+00:00\",\"dateModified\":\"2026-04-01T11:39:18+00:00\",\"breadcrumb\":{\"@id\":\"https:\\\/\\\/nextnel.com\\\/contact-us\\\/#breadcrumb\"},\"inLanguage\":\"ar\",\"potentialAction\":[{\"@type\":\"ReadAction\",\"target\":[\"https:\\\/\\\/nextnel.com\\\/contact-us\\\/\"]}]},{\"@type\":\"BreadcrumbList\",\"@id\":\"https:\\\/\\\/nextnel.com\\\/contact-us\\\/#breadcrumb\",\"itemListElement\":[{\"@type\":\"ListItem\",\"position\":1,\"name\":\"Startseite\",\"item\":\"http:\\\/\\\/nextnel.com\\\/\"},{\"@type\":\"ListItem\",\"position\":2,\"name\":\"Contact Us\"}]},{\"@type\":\"WebSite\",\"@id\":\"http:\\\/\\\/nextnel.com\\\/#website\",\"url\":\"http:\\\/\\\/nextnel.com\\\/\",\"name\":\"Nextnel GmbH- IO Hawk eScooter Reparatur Ersatzteile und Service\",\"description\":\"NEW EMERGING LIFESTYLE\",\"publisher\":{\"@id\":\"http:\\\/\\\/nextnel.com\\\/#organization\"},\"potentialAction\":[{\"@type\":\"SearchAction\",\"target\":{\"@type\":\"EntryPoint\",\"urlTemplate\":\"http:\\\/\\\/nextnel.com\\\/?s={search_term_string}\"},\"query-input\":{\"@type\":\"PropertyValueSpecification\",\"valueRequired\":true,\"valueName\":\"search_term_string\"}}],\"inLanguage\":\"ar\"},{\"@type\":\"Organization\",\"@id\":\"http:\\\/\\\/nextnel.com\\\/#organization\",\"name\":\"Nextnel GmbH- IO Hawk eScooter Reparatur Ersatzteile und Service\",\"url\":\"http:\\\/\\\/nextnel.com\\\/\",\"logo\":{\"@type\":\"ImageObject\",\"inLanguage\":\"ar\",\"@id\":\"http:\\\/\\\/nextnel.com\\\/#\\\/schema\\\/logo\\\/image\\\/\",\"url\":\"https:\\\/\\\/nextnel.com\\\/wp-content\\\/uploads\\\/2021\\\/08\\\/nextnel1_test.png\",\"contentUrl\":\"https:\\\/\\\/nextnel.com\\\/wp-content\\\/uploads\\\/2021\\\/08\\\/nextnel1_test.png\",\"width\":1394,\"height\":438,\"caption\":\"Nextnel GmbH- IO Hawk eScooter Reparatur Ersatzteile und Service\"},\"image\":{\"@id\":\"http:\\\/\\\/nextnel.com\\\/#\\\/schema\\\/logo\\\/image\\\/\"}}]}<\/script>\n<!-- \/ Yoast SEO plugin. -->","yoast_head_json":{"title":"\u0627\u062a\u0635\u0644 \u0628\u0646\u0627 - \u0646\u064a\u0643\u0633\u062a\u0646\u064a\u0644 - \u0645\u0646\u0648\u0641\u0627\u0643\u062a\u0648\u0631 \u0648\u062e\u062f\u0645\u0629 \u0644\u0627\u064a\u0641 \u0633\u062a\u0627\u064a\u0644 \u0627\u0644\u0646\u0627\u0634\u0626\u0629 \u0627\u0644\u062c\u062f\u064a\u062f\u0629","robots":{"index":"index","follow":"follow","max-snippet":"max-snippet:-1","max-image-preview":"max-image-preview:large","max-video-preview":"max-video-preview:-1"},"canonical":"https:\/\/nextnel.com\/ar\/contact-us\/","og_locale":"ar_AR","og_type":"article","og_title":"Contact Us - Nextnel- New emerging Lifestyle Manufaktur &amp; Service","og_description":"KONTAKTIEREN SIE UNS Wir freuen uns \u00fcber Ihre Kontaktaufnahme Showroom \/ Produktion und Abholungen: Senden Sie uns eine Nachricht Adresse Showroom- Abholung Reparatur -Produktion Hafelsstr. 205 47809 Krefeld Deutschland Telefon + \u00d6ffnungzeiten 02151 &#8211; 3600850 Whats App: 0176-72045830 Sie erreichen uns Montags-Freitags in der Zeit von 10:00-14:30 Uhr. Ausserhalb dieser Zeit k\u00f6nnen Sie uns gerne [&hellip;]","og_url":"https:\/\/nextnel.com\/ar\/contact-us\/","og_site_name":"Nextnel- New emerging Lifestyle Manufaktur &amp; Service","article_modified_time":"2026-04-01T11:39:18+00:00","twitter_card":"summary_large_image","twitter_misc":{"\u0648\u0642\u062a \u0627\u0644\u0642\u0631\u0627\u0621\u0629 \u0627\u0644\u0645\u064f\u0642\u062f\u0651\u0631":"\u062f\u0642\u064a\u0642\u0629 \u0648\u0627\u062d\u062f\u0629"},"schema":{"@context":"https:\/\/schema.org","@graph":[{"@type":"WebPage","@id":"https:\/\/nextnel.com\/contact-us\/","url":"https:\/\/nextnel.com\/contact-us\/","name":"\u0627\u062a\u0635\u0644 \u0628\u0646\u0627 - \u0646\u064a\u0643\u0633\u062a\u0646\u064a\u0644 - \u0645\u0646\u0648\u0641\u0627\u0643\u062a\u0648\u0631 \u0648\u062e\u062f\u0645\u0629 \u0644\u0627\u064a\u0641 \u0633\u062a\u0627\u064a\u0644 \u0627\u0644\u0646\u0627\u0634\u0626\u0629 \u0627\u0644\u062c\u062f\u064a\u062f\u0629","isPartOf":{"@id":"http:\/\/nextnel.com\/#website"},"datePublished":"2025-05-18T09:30:31+00:00","dateModified":"2026-04-01T11:39:18+00:00","breadcrumb":{"@id":"https:\/\/nextnel.com\/contact-us\/#breadcrumb"},"inLanguage":"ar","potentialAction":[{"@type":"ReadAction","target":["https:\/\/nextnel.com\/contact-us\/"]}]},{"@type":"BreadcrumbList","@id":"https:\/\/nextnel.com\/contact-us\/#breadcrumb","itemListElement":[{"@type":"ListItem","position":1,"name":"Startseite","item":"http:\/\/nextnel.com\/"},{"@type":"ListItem","position":2,"name":"Contact Us"}]},{"@type":"WebSite","@id":"http:\/\/nextnel.com\/#website","url":"http:\/\/nextnel.com\/","name":"Nextnel GmbH- IO Hawk eScooter \u0642\u0637\u0639 \u063a\u064a\u0627\u0631 \u0648\u0625\u0635\u0644\u0627\u062d \u0648\u062e\u062f\u0645\u0629","description":"\u0623\u0633\u0644\u0648\u0628 \u062d\u064a\u0627\u0629 \u062c\u062f\u064a\u062f \u0646\u0627\u0634\u0626","publisher":{"@id":"http:\/\/nextnel.com\/#organization"},"potentialAction":[{"@type":"SearchAction","target":{"@type":"EntryPoint","urlTemplate":"http:\/\/nextnel.com\/?s={search_term_string}"},"query-input":{"@type":"PropertyValueSpecification","valueRequired":true,"valueName":"search_term_string"}}],"inLanguage":"ar"},{"@type":"Organization","@id":"http:\/\/nextnel.com\/#organization","name":"Nextnel GmbH- IO Hawk eScooter \u0642\u0637\u0639 \u063a\u064a\u0627\u0631 \u0648\u0625\u0635\u0644\u0627\u062d \u0648\u062e\u062f\u0645\u0629","url":"http:\/\/nextnel.com\/","logo":{"@type":"ImageObject","inLanguage":"ar","@id":"http:\/\/nextnel.com\/#\/schema\/logo\/image\/","url":"https:\/\/nextnel.com\/wp-content\/uploads\/2021\/08\/nextnel1_test.png","contentUrl":"https:\/\/nextnel.com\/wp-content\/uploads\/2021\/08\/nextnel1_test.png","width":1394,"height":438,"caption":"Nextnel GmbH- IO Hawk eScooter Reparatur Ersatzteile und Service"},"image":{"@id":"http:\/\/nextnel.com\/#\/schema\/logo\/image\/"}}]}},"_links":{"self":[{"href":"https:\/\/nextnel.com\/ar\/wp-json\/wp\/v2\/pages\/5919","targetHints":{"allow":["GET"]}}],"collection":[{"href":"https:\/\/nextnel.com\/ar\/wp-json\/wp\/v2\/pages"}],"about":[{"href":"https:\/\/nextnel.com\/ar\/wp-json\/wp\/v2\/types\/page"}],"author":[{"embeddable":true,"href":"https:\/\/nextnel.com\/ar\/wp-json\/wp\/v2\/users\/2"}],"replies":[{"embeddable":true,"href":"https:\/\/nextnel.com\/ar\/wp-json\/wp\/v2\/comments?post=5919"}],"version-history":[{"count":9,"href":"https:\/\/nextnel.com\/ar\/wp-json\/wp\/v2\/pages\/5919\/revisions"}],"predecessor-version":[{"id":14356,"href":"https:\/\/nextnel.com\/ar\/wp-json\/wp\/v2\/pages\/5919\/revisions\/14356"}],"wp:attachment":[{"href":"https:\/\/nextnel.com\/ar\/wp-json\/wp\/v2\/media?parent=5919"}],"curies":[{"name":"wp","href":"https:\/\/api.w.org\/{rel}","templated":true}]}}