{"id":2,"date":"2025-05-07T17:43:42","date_gmt":"2025-05-07T15:43:42","guid":{"rendered":"http:\/\/nextnel.de\/?page_id=2"},"modified":"2026-04-01T13:59:38","modified_gmt":"2026-04-01T11:59:38","slug":"impressum","status":"publish","type":"page","link":"http:\/\/nextnel.com\/fr\/impressum\/","title":{"rendered":"Mentions l\u00e9gales"},"content":{"rendered":"<div data-elementor-type=\"wp-page\" data-elementor-id=\"2\" class=\"elementor elementor-2\" data-elementor-post-type=\"page\">\n\t\t\t\t<div class=\"elementor-element elementor-element-54b18f62 e-flex e-con-boxed e-con e-parent\" data-id=\"54b18f62\" data-element_type=\"container\" data-e-type=\"container\">\n\t\t\t\t\t<div class=\"e-con-inner\">\n\t\t\t\t<div class=\"elementor-element elementor-element-42a7f25d elementor-widget elementor-widget-text-editor\" data-id=\"42a7f25d\" data-element_type=\"widget\" data-e-type=\"widget\" data-widget_type=\"text-editor.default\">\n\t\t\t\t<div class=\"elementor-widget-container\">\n\t\t\t\t\t\t\t\t\t<div class=\"haru-contact__content\"><h3><b>Nextnel GmbH <br \/>205, rue Hafels<br \/>47809 Krefeld<br \/>Allemagne<br \/>Registre du commerce : HRB 39685<br \/>Tribunal cantonal de Duisburg<br \/>TVA : DE454450241<br \/>Directeur : Simone Metzler<\/b><\/h3><h3>T\u00e9l\u00e9phone :<\/h3><h3>02151-3600850<\/h3><h3>Whats App : 0176-72045830<\/h3><\/div><p><!-- \/wp:paragraph --><\/p>\t\t\t\t\t\t\t\t<\/div>\n\t\t\t\t<\/div>\n\t\t\t\t\t<\/div>\n\t\t\t\t<\/div>\n\t\t\t\t<\/div>","protected":false},"excerpt":{"rendered":"<p>Nextnel GmbH Hafelsstr. 20547809 KrefeldDeutschlandHandelsregister: HRB 39685Amtsgericht DuisburgVAT: DE454450241Gesch\u00e4ftsf\u00fchrer: Simone Metzler Telefon: 02151-3600850 Whats App: 0176-72045830<\/p>","protected":false},"author":2,"featured_media":0,"parent":0,"menu_order":0,"comment_status":"closed","ping_status":"open","template":"","meta":{"footnotes":""},"class_list":["post-2","page","type-page","status-publish","hentry"],"yoast_head":"<!-- This site is optimized with the Yoast SEO plugin v27.4 - https:\/\/yoast.com\/product\/yoast-seo-wordpress\/ -->\n<title>Impressum - Nextnel- New emerging Lifestyle Manufaktur &amp; Service<\/title>\n<meta name=\"robots\" content=\"index, follow, max-snippet:-1, max-image-preview:large, max-video-preview:-1\" \/>\n<link rel=\"canonical\" href=\"https:\/\/nextnel.com\/fr\/impressum\/\" \/>\n<meta property=\"og:locale\" content=\"fr_FR\" \/>\n<meta property=\"og:type\" content=\"article\" \/>\n<meta property=\"og:title\" content=\"Impressum - Nextnel- New emerging Lifestyle Manufaktur &amp; Service\" \/>\n<meta property=\"og:description\" content=\"Nextnel GmbH Hafelsstr. 20547809 KrefeldDeutschlandHandelsregister: HRB 39685Amtsgericht DuisburgVAT: DE454450241Gesch\u00e4ftsf\u00fchrer: Simone Metzler Telefon: 02151-3600850 Whats App: 0176-72045830\" \/>\n<meta property=\"og:url\" content=\"https:\/\/nextnel.com\/fr\/impressum\/\" \/>\n<meta property=\"og:site_name\" content=\"Nextnel- New emerging Lifestyle Manufaktur &amp; Service\" \/>\n<meta property=\"article:modified_time\" content=\"2026-04-01T11:59:38+00:00\" \/>\n<meta name=\"twitter:card\" content=\"summary_large_image\" \/>\n<meta name=\"twitter:label1\" content=\"Dur\u00e9e de lecture estim\u00e9e\" \/>\n\t<meta name=\"twitter:data1\" content=\"1 minute\" \/>\n<script type=\"application\/ld+json\" class=\"yoast-schema-graph\">{\"@context\":\"https:\\\/\\\/schema.org\",\"@graph\":[{\"@type\":\"WebPage\",\"@id\":\"https:\\\/\\\/nextnel.com\\\/impressum\\\/\",\"url\":\"https:\\\/\\\/nextnel.com\\\/impressum\\\/\",\"name\":\"Impressum - Nextnel- New emerging Lifestyle Manufaktur &amp; Service\",\"isPartOf\":{\"@id\":\"http:\\\/\\\/nextnel.com\\\/#website\"},\"datePublished\":\"2025-05-07T15:43:42+00:00\",\"dateModified\":\"2026-04-01T11:59:38+00:00\",\"breadcrumb\":{\"@id\":\"https:\\\/\\\/nextnel.com\\\/impressum\\\/#breadcrumb\"},\"inLanguage\":\"fr-FR\",\"potentialAction\":[{\"@type\":\"ReadAction\",\"target\":[\"https:\\\/\\\/nextnel.com\\\/impressum\\\/\"]}]},{\"@type\":\"BreadcrumbList\",\"@id\":\"https:\\\/\\\/nextnel.com\\\/impressum\\\/#breadcrumb\",\"itemListElement\":[{\"@type\":\"ListItem\",\"position\":1,\"name\":\"Startseite\",\"item\":\"http:\\\/\\\/nextnel.com\\\/\"},{\"@type\":\"ListItem\",\"position\":2,\"name\":\"Impressum\"}]},{\"@type\":\"WebSite\",\"@id\":\"http:\\\/\\\/nextnel.com\\\/#website\",\"url\":\"http:\\\/\\\/nextnel.com\\\/\",\"name\":\"Nextnel GmbH- IO Hawk eScooter Reparatur Ersatzteile und Service\",\"description\":\"NEW EMERGING LIFESTYLE\",\"publisher\":{\"@id\":\"http:\\\/\\\/nextnel.com\\\/#organization\"},\"potentialAction\":[{\"@type\":\"SearchAction\",\"target\":{\"@type\":\"EntryPoint\",\"urlTemplate\":\"http:\\\/\\\/nextnel.com\\\/?s={search_term_string}\"},\"query-input\":{\"@type\":\"PropertyValueSpecification\",\"valueRequired\":true,\"valueName\":\"search_term_string\"}}],\"inLanguage\":\"fr-FR\"},{\"@type\":\"Organization\",\"@id\":\"http:\\\/\\\/nextnel.com\\\/#organization\",\"name\":\"Nextnel GmbH- IO Hawk eScooter Reparatur Ersatzteile und Service\",\"url\":\"http:\\\/\\\/nextnel.com\\\/\",\"logo\":{\"@type\":\"ImageObject\",\"inLanguage\":\"fr-FR\",\"@id\":\"http:\\\/\\\/nextnel.com\\\/#\\\/schema\\\/logo\\\/image\\\/\",\"url\":\"https:\\\/\\\/nextnel.com\\\/wp-content\\\/uploads\\\/2021\\\/08\\\/nextnel1_test.png\",\"contentUrl\":\"https:\\\/\\\/nextnel.com\\\/wp-content\\\/uploads\\\/2021\\\/08\\\/nextnel1_test.png\",\"width\":1394,\"height\":438,\"caption\":\"Nextnel GmbH- IO Hawk eScooter Reparatur Ersatzteile und Service\"},\"image\":{\"@id\":\"http:\\\/\\\/nextnel.com\\\/#\\\/schema\\\/logo\\\/image\\\/\"}}]}<\/script>\n<!-- \/ Yoast SEO plugin. -->","yoast_head_json":{"title":"Impressum - Nextnel- New emerging Lifestyle Manufaktur &amp; Service","robots":{"index":"index","follow":"follow","max-snippet":"max-snippet:-1","max-image-preview":"max-image-preview:large","max-video-preview":"max-video-preview:-1"},"canonical":"https:\/\/nextnel.com\/fr\/impressum\/","og_locale":"fr_FR","og_type":"article","og_title":"Impressum - Nextnel- New emerging Lifestyle Manufaktur &amp; Service","og_description":"Nextnel GmbH Hafelsstr. 20547809 KrefeldDeutschlandHandelsregister: HRB 39685Amtsgericht DuisburgVAT: DE454450241Gesch\u00e4ftsf\u00fchrer: Simone Metzler Telefon: 02151-3600850 Whats App: 0176-72045830","og_url":"https:\/\/nextnel.com\/fr\/impressum\/","og_site_name":"Nextnel- New emerging Lifestyle Manufaktur &amp; Service","article_modified_time":"2026-04-01T11:59:38+00:00","twitter_card":"summary_large_image","twitter_misc":{"Dur\u00e9e de lecture estim\u00e9e":"1 minute"},"schema":{"@context":"https:\/\/schema.org","@graph":[{"@type":"WebPage","@id":"https:\/\/nextnel.com\/impressum\/","url":"https:\/\/nextnel.com\/impressum\/","name":"Impressum - Nextnel- New emerging Lifestyle Manufaktur &amp; Service","isPartOf":{"@id":"http:\/\/nextnel.com\/#website"},"datePublished":"2025-05-07T15:43:42+00:00","dateModified":"2026-04-01T11:59:38+00:00","breadcrumb":{"@id":"https:\/\/nextnel.com\/impressum\/#breadcrumb"},"inLanguage":"fr-FR","potentialAction":[{"@type":"ReadAction","target":["https:\/\/nextnel.com\/impressum\/"]}]},{"@type":"BreadcrumbList","@id":"https:\/\/nextnel.com\/impressum\/#breadcrumb","itemListElement":[{"@type":"ListItem","position":1,"name":"Startseite","item":"http:\/\/nextnel.com\/"},{"@type":"ListItem","position":2,"name":"Impressum"}]},{"@type":"WebSite","@id":"http:\/\/nextnel.com\/#website","url":"http:\/\/nextnel.com\/","name":"Nextnel GmbH - Pi\u00e8ces d\u00e9tach\u00e9es et service apr\u00e8s-vente pour scooters \u00e9lectriques IO Hawk","description":"NOUVEAU MODE DE VIE \u00c9MERGENT","publisher":{"@id":"http:\/\/nextnel.com\/#organization"},"potentialAction":[{"@type":"SearchAction","target":{"@type":"EntryPoint","urlTemplate":"http:\/\/nextnel.com\/?s={search_term_string}"},"query-input":{"@type":"PropertyValueSpecification","valueRequired":true,"valueName":"search_term_string"}}],"inLanguage":"fr-FR"},{"@type":"Organization","@id":"http:\/\/nextnel.com\/#organization","name":"Nextnel GmbH - Pi\u00e8ces d\u00e9tach\u00e9es et service apr\u00e8s-vente pour scooters \u00e9lectriques IO Hawk","url":"http:\/\/nextnel.com\/","logo":{"@type":"ImageObject","inLanguage":"fr-FR","@id":"http:\/\/nextnel.com\/#\/schema\/logo\/image\/","url":"https:\/\/nextnel.com\/wp-content\/uploads\/2021\/08\/nextnel1_test.png","contentUrl":"https:\/\/nextnel.com\/wp-content\/uploads\/2021\/08\/nextnel1_test.png","width":1394,"height":438,"caption":"Nextnel GmbH- IO Hawk eScooter Reparatur Ersatzteile und Service"},"image":{"@id":"http:\/\/nextnel.com\/#\/schema\/logo\/image\/"}}]}},"_links":{"self":[{"href":"http:\/\/nextnel.com\/fr\/wp-json\/wp\/v2\/pages\/2","targetHints":{"allow":["GET"]}}],"collection":[{"href":"http:\/\/nextnel.com\/fr\/wp-json\/wp\/v2\/pages"}],"about":[{"href":"http:\/\/nextnel.com\/fr\/wp-json\/wp\/v2\/types\/page"}],"author":[{"embeddable":true,"href":"http:\/\/nextnel.com\/fr\/wp-json\/wp\/v2\/users\/2"}],"replies":[{"embeddable":true,"href":"http:\/\/nextnel.com\/fr\/wp-json\/wp\/v2\/comments?post=2"}],"version-history":[{"count":6,"href":"http:\/\/nextnel.com\/fr\/wp-json\/wp\/v2\/pages\/2\/revisions"}],"predecessor-version":[{"id":14366,"href":"http:\/\/nextnel.com\/fr\/wp-json\/wp\/v2\/pages\/2\/revisions\/14366"}],"wp:attachment":[{"href":"http:\/\/nextnel.com\/fr\/wp-json\/wp\/v2\/media?parent=2"}],"curies":[{"name":"wp","href":"https:\/\/api.w.org\/{rel}","templated":true}]}}